{"id":728,"date":"2021-06-01T16:26:13","date_gmt":"2021-06-01T16:26:13","guid":{"rendered":"http:\/\/fastwpdemo.com\/newwp\/whitehall\/?page_id=728"},"modified":"2023-01-02T12:09:04","modified_gmt":"2023-01-02T12:09:04","slug":"coming-soon","status":"publish","type":"page","link":"https:\/\/fabrinorsa.com.ar\/index.php\/coming-soon\/","title":{"rendered":"Coming Soon"},"content":{"rendered":"\t\t<div data-elementor-type=\"wp-page\" data-elementor-id=\"728\" class=\"elementor elementor-728\">\n\t\t\t\t\t\t\t\t\t<section class=\"elementor-section elementor-top-section elementor-element elementor-element-33e6ee48 elementor-section-boxed elementor-section-height-default elementor-section-height-default\" data-id=\"33e6ee48\" data-element_type=\"section\">\n\t\t\t\t\t\t<div class=\"elementor-container elementor-column-gap-default\">\n\t\t\t\t\t<div class=\"elementor-column elementor-col-100 elementor-top-column elementor-element elementor-element-4ab4d66\" data-id=\"4ab4d66\" data-element_type=\"column\">\n\t\t\t<div class=\"elementor-widget-wrap elementor-element-populated\">\n\t\t\t\t\t\t\t\t<div class=\"elementor-element elementor-element-7e63067e elementor-widget elementor-widget-text-editor\" data-id=\"7e63067e\" data-element_type=\"widget\" data-widget_type=\"text-editor.default\">\n\t\t\t\t<div class=\"elementor-widget-container\">\n\t\t\t<style>\/*! elementor - v3.8.0 - 30-10-2022 *\/\n.elementor-widget-text-editor.elementor-drop-cap-view-stacked .elementor-drop-cap{background-color:#818a91;color:#fff}.elementor-widget-text-editor.elementor-drop-cap-view-framed .elementor-drop-cap{color:#818a91;border:3px solid;background-color:transparent}.elementor-widget-text-editor:not(.elementor-drop-cap-view-default) .elementor-drop-cap{margin-top:8px}.elementor-widget-text-editor:not(.elementor-drop-cap-view-default) .elementor-drop-cap-letter{width:1em;height:1em}.elementor-widget-text-editor .elementor-drop-cap{float:left;text-align:center;line-height:1;font-size:50px}.elementor-widget-text-editor .elementor-drop-cap-letter{display:inline-block}<\/style>\t\t\t\t<section class=\"coming-soon\"><div class=\"bg-layer\" style=\"background-image: url('http:\/\/www.fabrinorsa.com.ar\/www\/wp\/wp-content\/uploads\/2021\/06\/vector-3.png');\">\u00a0<\/div><div class=\"upper-box clearfix\"><div class=\"logo-box pull-left\"><figure class=\"logo\"><\/figure><\/div><ul class=\"social-style-one pull-right clearfix\"><li>\u00a0<\/li><li>\u00a0<\/li><li>\u00a0<\/li><li>\u00a0<\/li><\/ul><\/div><div class=\"auto-container\"><div class=\"inner-box centred\"><div class=\"content-box\"><h3>Estamos<\/h3><h2>Trabajando en esta Secci\u00f3n<\/h2><p>S\u00e9 paciente&#8230;<br \/>\u00a1Las cosas buenas siempre tardan un tiempo!<\/p><div class=\"timer\"><div class=\"cs-countdown\" data-countdown=\"04\/24\/2021 05:06:59\">\u00a0<\/div><\/div><div class=\"btn-box\"><a class=\"theme-btn\" href=\"http:\/\/www.fabrinorsa.com.ar\/www\/wp\/contact\/\">Solicitar Informaci\u00f3n<\/a><\/div><\/div><\/div><\/div><\/section><section class=\"subscribe-section\"><div class=\"auto-container\"><div class=\"row clearfix\"><div class=\"col-lg-6 col-md-6 col-sm-12 text-column\"><div class=\"text\"><h3>Newsletter<\/h3><p>Suscr\u00edbase a nuestro bolet\u00edn y reciba actualizaciones en su bandeja de entrada directamente.<\/p><\/div><\/div><div class=\"col-lg-6 col-md-6 col-sm-12 form-column\"><div class=\"form-inner\"><form class=\"subscribe-form\" accept-charset=\"utf-8\" action=\"http:\/\/feedburner.google.com\/fb\/a\/mailverify\" method=\"post\"><div class=\"form-group\"><input name=\"uri\" type=\"hidden\" \/><input name=\"email\" required=\"\" type=\"email\" placeholder=\"Your Email Address ...\" \/><button type=\"submit\">Subscribe<\/button><\/div><\/form><\/div><\/div><\/div><\/div><\/section>\t\t\t\t\t\t<\/div>\n\t\t\t\t<\/div>\n\t\t\t\t\t<\/div>\n\t\t<\/div>\n\t\t\t\t\t\t\t<\/div>\n\t\t<\/section>\n\t\t\t\t\t\t\t<\/div>\n\t\t","protected":false},"excerpt":{"rendered":"<p>&nbsp; &nbsp; &nbsp; &nbsp; Estamos Trabajando en esta Secci\u00f3n S\u00e9 paciente&#8230; \u00a1Las cosas buenas siempre tardan un tiempo! &nbsp;Solicitar Informaci\u00f3n Newsletter Suscr\u00edbase a nuestro bolet\u00edn y reciba actualizaciones en su [&hellip;]<\/p>\n","protected":false},"author":1,"featured_media":0,"parent":0,"menu_order":0,"comment_status":"closed","ping_status":"closed","template":"tpl-coming_soon.php.php","meta":{"om_disable_all_campaigns":false,"_monsterinsights_skip_tracking":false,"_monsterinsights_sitenote_active":false,"_monsterinsights_sitenote_note":"","_monsterinsights_sitenote_category":0},"aioseo_notices":[],"_links":{"self":[{"href":"https:\/\/fabrinorsa.com.ar\/index.php\/wp-json\/wp\/v2\/pages\/728"}],"collection":[{"href":"https:\/\/fabrinorsa.com.ar\/index.php\/wp-json\/wp\/v2\/pages"}],"about":[{"href":"https:\/\/fabrinorsa.com.ar\/index.php\/wp-json\/wp\/v2\/types\/page"}],"author":[{"embeddable":true,"href":"https:\/\/fabrinorsa.com.ar\/index.php\/wp-json\/wp\/v2\/users\/1"}],"replies":[{"embeddable":true,"href":"https:\/\/fabrinorsa.com.ar\/index.php\/wp-json\/wp\/v2\/comments?post=728"}],"version-history":[{"count":10,"href":"https:\/\/fabrinorsa.com.ar\/index.php\/wp-json\/wp\/v2\/pages\/728\/revisions"}],"predecessor-version":[{"id":1487,"href":"https:\/\/fabrinorsa.com.ar\/index.php\/wp-json\/wp\/v2\/pages\/728\/revisions\/1487"}],"wp:attachment":[{"href":"https:\/\/fabrinorsa.com.ar\/index.php\/wp-json\/wp\/v2\/media?parent=728"}],"curies":[{"name":"wp","href":"https:\/\/api.w.org\/{rel}","templated":true}]}}