{"id":507,"date":"2021-05-29T18:40:56","date_gmt":"2021-05-29T18:40:56","guid":{"rendered":"http:\/\/fastwpdemo.com\/newwp\/whitehall\/?page_id=507"},"modified":"2025-12-02T12:19:28","modified_gmt":"2025-12-02T12:19:28","slug":"history","status":"publish","type":"page","link":"https:\/\/fabrinorsa.com.ar\/index.php\/history\/","title":{"rendered":"Servicios"},"content":{"rendered":"\t\t<div data-elementor-type=\"wp-page\" data-elementor-id=\"507\" class=\"elementor elementor-507\">\n\t\t\t\t\t\t\t\t\t<section class=\"elementor-section elementor-top-section elementor-element elementor-element-23b1c6f elementor-section-boxed elementor-section-height-default elementor-section-height-default\" data-id=\"23b1c6f\" data-element_type=\"section\">\n\t\t\t\t\t\t<div class=\"elementor-container elementor-column-gap-default\">\n\t\t\t\t\t<div class=\"elementor-column elementor-col-100 elementor-top-column elementor-element elementor-element-0cd0b14\" data-id=\"0cd0b14\" data-element_type=\"column\">\n\t\t\t<div class=\"elementor-widget-wrap elementor-element-populated\">\n\t\t\t\t\t\t\t\t<div class=\"elementor-element elementor-element-30d9a63 elementor-hidden-mobile elementor-widget elementor-widget-spacer\" data-id=\"30d9a63\" data-element_type=\"widget\" data-widget_type=\"spacer.default\">\n\t\t\t\t<div class=\"elementor-widget-container\">\n\t\t\t<style>\/*! elementor - v3.8.0 - 30-10-2022 *\/\n.elementor-column .elementor-spacer-inner{height:var(--spacer-size)}.e-con{--container-widget-width:100%}.e-con-inner>.elementor-widget-spacer,.e-con>.elementor-widget-spacer{width:var(--container-widget-width,var(--spacer-size));-ms-flex-item-align:stretch;align-self:stretch;-ms-flex-negative:0;flex-shrink:0}.e-con-inner>.elementor-widget-spacer>.elementor-widget-container,.e-con-inner>.elementor-widget-spacer>.elementor-widget-container>.elementor-spacer,.e-con>.elementor-widget-spacer>.elementor-widget-container,.e-con>.elementor-widget-spacer>.elementor-widget-container>.elementor-spacer{height:100%}.e-con-inner>.elementor-widget-spacer>.elementor-widget-container>.elementor-spacer>.elementor-spacer-inner,.e-con>.elementor-widget-spacer>.elementor-widget-container>.elementor-spacer>.elementor-spacer-inner{height:var(--container-widget-height,var(--spacer-size))}<\/style>\t\t<div class=\"elementor-spacer\">\n\t\t\t<div class=\"elementor-spacer-inner\"><\/div>\n\t\t<\/div>\n\t\t\t\t<\/div>\n\t\t\t\t<\/div>\n\t\t\t\t\t<\/div>\n\t\t<\/div>\n\t\t\t\t\t\t\t<\/div>\n\t\t<\/section>\n\t\t\t\t<section class=\"elementor-section elementor-top-section elementor-element elementor-element-8ffdff9 elementor-section-full_width elementor-section-height-default elementor-section-height-default\" data-id=\"8ffdff9\" data-element_type=\"section\">\n\t\t\t\t\t\t<div class=\"elementor-container elementor-column-gap-default\">\n\t\t\t\t\t<div class=\"elementor-column elementor-col-100 elementor-top-column elementor-element elementor-element-b55558f\" data-id=\"b55558f\" data-element_type=\"column\">\n\t\t\t<div class=\"elementor-widget-wrap elementor-element-populated\">\n\t\t\t\t\t\t\t\t<div class=\"elementor-element elementor-element-744e134 elementor-widget elementor-widget-whitehall_history\" data-id=\"744e134\" data-element_type=\"widget\" data-widget_type=\"whitehall_history.default\">\n\t\t\t\t<div class=\"elementor-widget-container\">\n\t\t\t        \n        <!-- history-section -->\n        <section class=\"history-section\">\n            <figure class=\"image-layer\"><img decoding=\"async\" src=\"https:\/\/fabrinorsa.com.ar\/wp-content\/uploads\/2022\/05\/FAB_BACK_3.png\" alt=\"Awesome Image\"><\/figure>\n            <div class=\"auto-container\">\n                <div class=\"row clearfix\">\n                    <div class=\"col-lg-4 col-md-12 col-sm-12 title-column\">\n                        <div class=\"sec-title\">\n\t\t\t\t\t\t\t\t\t\t\t\t\t\t<h6><i class=\"flaticon-star\"><\/i><span>Nuestros Servicios<\/span><\/h6>\n\t\t\t\t\t\t\t\n\t\t\t\t\t\t\t\t\t\t\t\t\t\t<h2>FABRINOR S.A.<\/h2>\n\t\t\t\t\t\t\t<div class=\"title-shape\"><\/div>\n\t\t\t\t\t\t\t\t\t\t\t\t\t\t\n                            <p>35 A\u00f1os al Servicio del Productor Agropecuario<\/p>\n                        <\/div>\n                    <\/div>\n                    <div class=\"col-lg-8 col-md-12 col-sm-12 inner-column\">\n                        <div class=\"inner-box\">\n                                                        <div class=\"single-item style-one\">\n                                <figure class=\"image-box\"><img decoding=\"async\" src=\"https:\/\/fabrinorsa.com.ar\/wp-content\/uploads\/2025\/12\/LASER-WEB.png\" alt=\"Awesome Image\"><\/figure>\n                                <div class=\"text\">\n                                    <span>LASER<\/span>\n                                    <h6>CHAPA SAE 1010 Y 1045 Y ACERO INOX<\/h6>\n                                    <h4>Desde 0,9mm a 15,9mm de espesor<\/h4>\n                                    <p>Realizamos cortes de alta precisi\u00f3n sobre distintos metales utilizando tecnolog\u00eda de l\u00e1ser de fibra \n\u00f3ptica.<\/p>\n                                <\/div>\n                            <\/div>\n\t\t\t\t\t\t\t                            <div class=\"single-item style-two text-right\">\n                                <figure class=\"image-box\"><img decoding=\"async\" src=\"https:\/\/fabrinorsa.com.ar\/wp-content\/uploads\/2022\/05\/fabrinor_serv_1.jpg\" alt=\"Awesome Image\"><\/figure>\n                                <div class=\"text\">\n                                    <span>PLASMA<\/span>\n                                    <h6>CALIDADES SAE 1010 Y SAE 1045<\/h6>\n                                    <h4>Desde 1,6mm a 15,9mm de espesor<\/h4>\n                                    <p>El corte de plasma es una t\u00e9cnica que se distancia de lo tradicional, pero que se desarrolla por medio de las leyes qu\u00edmicas y f\u00edsicas para trabajar el material de un modo novedoso e innovador. Sus caracter\u00edsticas le hacen especialmente favorable a trabajar con metal, aunque tambi\u00e9n se puede usar para materiales m\u00e1s ligeros.<\/p>\n                                <\/div>\n                            <\/div>\n\t\t\t\t\t\t\t                            <div class=\"single-item style-one\">\n                                <figure class=\"image-box\"><img decoding=\"async\" src=\"https:\/\/fabrinorsa.com.ar\/wp-content\/uploads\/2023\/07\/OXICORTE.png\" alt=\"Awesome Image\"><\/figure>\n                                <div class=\"text\">\n                                    <span>OXICORTE<\/span>\n                                    <h6>CALIDADES SAE 1010 Y SAE 1045<\/h6>\n                                    <h4>Desde 12,7mm a 101,6mm de espesor<\/h4>\n                                    <p>Proceso t\u00e9rmico convencional de corte de figuras complejas por medio de un soplete que secciona el material por fundici\u00f3n; se pre-calienta la zona y se realiza el corte a trav\u00e9s de un chorro de ox\u00edgeno que reacciona exot\u00e9rmicamente (libera calor) con el metal base a una temperatura de 870\u00b0C expulsando el metal fundido. Se utiliza en acero de bajo carbono de espesores medianos y gruesos.<\/p>\n                                <\/div>\n                            <\/div>\n\t\t\t\t\t\t\t                            <div class=\"single-item style-two text-right\">\n                                <figure class=\"image-box\"><img decoding=\"async\" src=\"https:\/\/fabrinorsa.com.ar\/wp-content\/uploads\/2022\/05\/fabrinor_serv_3.jpg\" alt=\"Awesome Image\"><\/figure>\n                                <div class=\"text\">\n                                    <span>PLEGADO<\/span>\n                                    <h6>PLEGADOS Y ROLADOS<\/h6>\n                                    <h4>Plegados hasta 6mts. de largo y 4mts. en 8mm de espesor<\/h4>\n                                    <p>El plegado CNC es una t\u00e9cnica que nos permite plegar chapas met\u00e1licas pudiendo realizar la repetici\u00f3n de trabajos con precisi\u00f3n y con la reducci\u00f3n de posibles errores. Ya que nuestras tecnolog\u00edas nos permiten visualizar, antes de la elaboraci\u00f3n del producto, el resultado final gracias al uso del CAD 3D<\/p>\n                                <\/div>\n                            <\/div>\n\t\t\t\t\t\t\t                            <div class=\"single-item style-one\">\n                                <figure class=\"image-box\"><img decoding=\"async\" src=\"https:\/\/fabrinorsa.com.ar\/wp-content\/uploads\/2023\/07\/DESARROLLO.png\" alt=\"Awesome Image\"><\/figure>\n                                <div class=\"text\">\n                                    <span>TECNICA<\/span>\n                                    <h6>DESARROLLO<\/h6>\n                                    <h4>De piezas basadas en plantillas, croquis o muestras<\/h4>\n                                    <p>Fabricaci\u00f3n de Agropartes, repuestos y piezas est\u00e1ndares y especiales. Departamento T\u00e9cnico con personal capacitado en la elaboraci\u00f3n de planos. Estrictas normas de calidad aplicadas al desarrollo, producci\u00f3n y acabado en la terminaci\u00f3n de agropartes. <\/p>\n                                <\/div>\n                            <\/div>\n\t\t\t\t\t\t\t                        <\/div>\n                    <\/div>\n                <\/div>\n            <\/div>\n        <\/section>\n        <!-- history-section -->\n\n        \t\t<\/div>\n\t\t\t\t<\/div>\n\t\t\t\t\t<\/div>\n\t\t<\/div>\n\t\t\t\t\t\t\t<\/div>\n\t\t<\/section>\n\t\t\t\t\t\t\t<\/div>\n\t\t","protected":false},"excerpt":{"rendered":"<p>Nuestros Servicios FABRINOR S.A. 35 A\u00f1os al Servicio del Productor Agropecuario LASER CHAPA SAE 1010 Y 1045 Y ACERO INOX Desde 0,9mm a 15,9mm de espesor Realizamos cortes de alta [&hellip;]<\/p>\n","protected":false},"author":1,"featured_media":0,"parent":0,"menu_order":0,"comment_status":"closed","ping_status":"closed","template":"tpl-default-elementor.php","meta":{"om_disable_all_campaigns":false,"_monsterinsights_skip_tracking":false,"_monsterinsights_sitenote_active":false,"_monsterinsights_sitenote_note":"","_monsterinsights_sitenote_category":0},"aioseo_notices":[],"_links":{"self":[{"href":"https:\/\/fabrinorsa.com.ar\/index.php\/wp-json\/wp\/v2\/pages\/507"}],"collection":[{"href":"https:\/\/fabrinorsa.com.ar\/index.php\/wp-json\/wp\/v2\/pages"}],"about":[{"href":"https:\/\/fabrinorsa.com.ar\/index.php\/wp-json\/wp\/v2\/types\/page"}],"author":[{"embeddable":true,"href":"https:\/\/fabrinorsa.com.ar\/index.php\/wp-json\/wp\/v2\/users\/1"}],"replies":[{"embeddable":true,"href":"https:\/\/fabrinorsa.com.ar\/index.php\/wp-json\/wp\/v2\/comments?post=507"}],"version-history":[{"count":42,"href":"https:\/\/fabrinorsa.com.ar\/index.php\/wp-json\/wp\/v2\/pages\/507\/revisions"}],"predecessor-version":[{"id":1831,"href":"https:\/\/fabrinorsa.com.ar\/index.php\/wp-json\/wp\/v2\/pages\/507\/revisions\/1831"}],"wp:attachment":[{"href":"https:\/\/fabrinorsa.com.ar\/index.php\/wp-json\/wp\/v2\/media?parent=507"}],"curies":[{"name":"wp","href":"https:\/\/api.w.org\/{rel}","templated":true}]}}