{"id":182,"date":"2021-05-26T21:20:02","date_gmt":"2021-05-26T21:20:02","guid":{"rendered":"http:\/\/fastwpdemo.com\/newwp\/whitehall\/?page_id=182"},"modified":"2025-12-02T16:35:47","modified_gmt":"2025-12-02T16:35:47","slug":"home-page-02","status":"publish","type":"page","link":"https:\/\/fabrinorsa.com.ar\/","title":{"rendered":"Home"},"content":{"rendered":"\t\t<div data-elementor-type=\"wp-page\" data-elementor-id=\"182\" class=\"elementor elementor-182\">\n\t\t\t\t\t\t\t\t\t<section class=\"elementor-section elementor-top-section elementor-element elementor-element-08be0f2 elementor-section-full_width elementor-section-height-default elementor-section-height-default\" data-id=\"08be0f2\" data-element_type=\"section\">\n\t\t\t\t\t\t<div class=\"elementor-container elementor-column-gap-default\">\n\t\t\t\t\t<div class=\"elementor-column elementor-col-100 elementor-top-column elementor-element elementor-element-b03485d\" data-id=\"b03485d\" data-element_type=\"column\">\n\t\t\t<div class=\"elementor-widget-wrap elementor-element-populated\">\n\t\t\t\t\t\t\t\t<div class=\"elementor-element elementor-element-239997c elementor-aspect-ratio-169 elementor-widget elementor-widget-video\" data-id=\"239997c\" data-element_type=\"widget\" data-settings=\"{&quot;youtube_url&quot;:&quot;https:\\\/\\\/youtu.be\\\/SREtWW0f02E&quot;,&quot;autoplay&quot;:&quot;yes&quot;,&quot;play_on_mobile&quot;:&quot;yes&quot;,&quot;mute&quot;:&quot;yes&quot;,&quot;loop&quot;:&quot;yes&quot;,&quot;video_type&quot;:&quot;youtube&quot;,&quot;aspect_ratio&quot;:&quot;169&quot;}\" data-widget_type=\"video.default\">\n\t\t\t\t<div class=\"elementor-widget-container\">\n\t\t\t<style>\/*! elementor - v3.8.0 - 30-10-2022 *\/\n.elementor-widget-video .elementor-widget-container{overflow:hidden;-webkit-transform:translateZ(0);transform:translateZ(0)}.elementor-widget-video .elementor-open-inline .elementor-custom-embed-image-overlay{position:absolute;top:0;left:0;width:100%;height:100%;background-size:cover;background-position:50%}.elementor-widget-video .elementor-custom-embed-image-overlay{cursor:pointer;text-align:center}.elementor-widget-video .elementor-custom-embed-image-overlay:hover .elementor-custom-embed-play i{opacity:1}.elementor-widget-video .elementor-custom-embed-image-overlay img{display:block;width:100%}.elementor-widget-video .e-hosted-video .elementor-video{-o-object-fit:cover;object-fit:cover}.e-con-inner>.elementor-widget-video,.e-con>.elementor-widget-video{width:var(--container-widget-width,100%)}<\/style>\t\t<div class=\"elementor-wrapper elementor-fit-aspect-ratio elementor-open-inline\">\n\t\t\t<div class=\"elementor-video\"><\/div>\t\t<\/div>\n\t\t\t\t<\/div>\n\t\t\t\t<\/div>\n\t\t\t\t\t<\/div>\n\t\t<\/div>\n\t\t\t\t\t\t\t<\/div>\n\t\t<\/section>\n\t\t\t\t<section class=\"elementor-section elementor-top-section elementor-element elementor-element-b5b6b19 elementor-section-full_width elementor-section-height-default elementor-section-height-default\" data-id=\"b5b6b19\" data-element_type=\"section\">\n\t\t\t\t\t\t<div class=\"elementor-container elementor-column-gap-default\">\n\t\t\t\t\t<div class=\"elementor-column elementor-col-100 elementor-top-column elementor-element elementor-element-4ce4440\" data-id=\"4ce4440\" data-element_type=\"column\">\n\t\t\t<div class=\"elementor-widget-wrap elementor-element-populated\">\n\t\t\t\t\t\t\t\t<div class=\"elementor-element elementor-element-a9e74b7 elementor-widget elementor-widget-whitehall_services_v1\" data-id=\"a9e74b7\" data-element_type=\"widget\" data-widget_type=\"whitehall_services_v1.default\">\n\t\t\t\t<div class=\"elementor-widget-container\">\n\t\t\t        \n        <!-- service-style-two -->\n        <section class=\"service-style-two bg-color-3\">\n            <div class=\"outer-container\">\n                <div class=\"bg-layer\" style=\"background-image: url(https:\/\/fabrinorsa.com.ar\/wp-content\/uploads\/2022\/05\/fabrinor_home.png);\"><\/div>\n                <div class=\"auto-container\">\n                    <div class=\"row clearfix\">\n                        <div class=\"col-lg-4 col-md-12 col-sm-12 content-column\">\n                            <div class=\"content_block_2\">\n                                <div class=\"content-box\">\n                                    <div class=\"sec-title light\">\n                                        \t\t\t\t\t\t\t\t\t\t<h6><i class=\"flaticon-star\"><\/i><span>CALIDAD Y EXPERIENCIA<\/span><\/h6>\n\t\t\t\t\t\t\t\t\t\t\t\t\t\t\t\t\t\t\t\t\n\t\t\t\t\t\t\t\t\t\t                                        <h2> 35 A\u00f1os<br \/> al Servicio del<br \/> Campo  Argentino<\/h2>\n                                        <div class=\"title-shape\"><\/div>\n\t\t\t\t\t\t\t\t\t\t                                    <\/div>\n                                    <div class=\"text\">\n                                        <p>Nos esforzamos permanentemente para alcanzar los m\u00e1s altos est\u00e1ndares de calidad en la fabricaci\u00f3n de nuestros productos <\/p>\n\t\t\t\t\t\t\t\t\t\t\n\t\t\t\t\t\t\t\t\t\t                                    <\/div>\n                                <\/div>\n                            <\/div>\n                        <\/div>\n                        <div class=\"col-lg-8 col-md-12 col-sm-12 inner-column\">\n                            <div class=\"inner-content centred\">\n                                <div class=\"four-item-carousel owl-carousel owl-theme owl-dots-none owl-nav-none\">\n                                                                        <div class=\"service-block-two\">\n                                        <div class=\"inner-box\">\n                                            <div class=\"text\">\n                                                <h6>Plegados<\/h6>\n                                                <h4><a href=\"http:\/\/www.fabrinorsa.com.ar\/www\/wp\/history\/\">Cortes desde 1.6 a 101.6mm Calidades SAE 1010 y SAE 1045<\/a><\/h4>\n                                                <div class=\"icon-box\"><i class=\"fa fa-angle-double-left\"><\/i><\/div>\n                                            <\/div>\n                                            <div class=\"link\"><a href=\"http:\/\/www.fabrinorsa.com.ar\/www\/wp\/history\/\">+<\/a><\/div>\n                                            <figure class=\"image-box\"><img width=\"270\" height=\"290\" src=\"https:\/\/fabrinorsa.com.ar\/wp-content\/uploads\/2021\/05\/IMG_20220523_152837748-270x290.jpg\" class=\"attachment-whitehall_270x290 size-whitehall_270x290 wp-post-image\" alt=\"\" decoding=\"async\" loading=\"lazy\" \/><\/figure>\n                                        <\/div>\n                                    <\/div>\n\t\t\t\t\t\t\t\t\t                                    <div class=\"service-block-two\">\n                                        <div class=\"inner-box\">\n                                            <div class=\"text\">\n                                                <h6>Cortes<\/h6>\n                                                <h4><a href=\"http:\/\/www.fabrinorsa.com.ar\/www\/wp\/history\/\">Corte de Chapas  <br> en  L\u00e1ser,  Plasma  y  Oxicorte<\/a><\/h4>\n                                                <div class=\"icon-box\"><i class=\"fa fa-angle-double-left\"><\/i><\/div>\n                                            <\/div>\n                                            <div class=\"link\"><a href=\"http:\/\/www.fabrinorsa.com.ar\/www\/wp\/history\/\">+<\/a><\/div>\n                                            <figure class=\"image-box\"><img width=\"270\" height=\"290\" src=\"https:\/\/fabrinorsa.com.ar\/wp-content\/uploads\/2021\/05\/serv_chapas1-270x290.jpg\" class=\"attachment-whitehall_270x290 size-whitehall_270x290 wp-post-image\" alt=\"\" decoding=\"async\" loading=\"lazy\" \/><\/figure>\n                                        <\/div>\n                                    <\/div>\n\t\t\t\t\t\t\t\t\t                                    <div class=\"service-block-two\">\n                                        <div class=\"inner-box\">\n                                            <div class=\"text\">\n                                                <h6>Fabricaci\u00f3n<\/h6>\n                                                <h4><a href=\"http:\/\/www.fabrinorsa.com.ar\/www\/wp\/history\/\">Plegados Hasta 6Mts. de Largo y 4 Mts. de Ancho 8 Mm de Espesor<\/a><\/h4>\n                                                <div class=\"icon-box\"><i class=\"fa fa-angle-double-left\"><\/i><\/div>\n                                            <\/div>\n                                            <div class=\"link\"><a href=\"http:\/\/www.fabrinorsa.com.ar\/www\/wp\/history\/\">+<\/a><\/div>\n                                            <figure class=\"image-box\"><img width=\"270\" height=\"290\" src=\"https:\/\/fabrinorsa.com.ar\/wp-content\/uploads\/2021\/05\/thumbnail_IMG-2-270x290.jpg\" class=\"attachment-whitehall_270x290 size-whitehall_270x290 wp-post-image\" alt=\"\" decoding=\"async\" loading=\"lazy\" \/><\/figure>\n                                        <\/div>\n                                    <\/div>\n\t\t\t\t\t\t\t\t\t                                <\/div>\n                            <\/div>\n                        <\/div>\n                    <\/div>\n                <\/div>\n            <\/div>\n        <\/section>\n        <!-- service-style-two end -->\n\n        \t\t<\/div>\n\t\t\t\t<\/div>\n\t\t\t\t\t<\/div>\n\t\t<\/div>\n\t\t\t\t\t\t\t<\/div>\n\t\t<\/section>\n\t\t\t\t<section class=\"elementor-section elementor-top-section elementor-element elementor-element-5cfec65 elementor-section-full_width elementor-section-height-default elementor-section-height-default\" data-id=\"5cfec65\" data-element_type=\"section\">\n\t\t\t\t\t\t<div class=\"elementor-container elementor-column-gap-default\">\n\t\t\t\t\t<div class=\"elementor-column elementor-col-100 elementor-top-column elementor-element elementor-element-f89010c\" data-id=\"f89010c\" data-element_type=\"column\">\n\t\t\t<div class=\"elementor-widget-wrap\">\n\t\t\t\t\t\t\t\t\t<\/div>\n\t\t<\/div>\n\t\t\t\t\t\t\t<\/div>\n\t\t<\/section>\n\t\t\t\t<section class=\"elementor-section elementor-top-section elementor-element elementor-element-0958d41 elementor-section-full_width elementor-section-height-default elementor-section-height-default\" data-id=\"0958d41\" data-element_type=\"section\">\n\t\t\t\t\t\t<div class=\"elementor-container elementor-column-gap-default\">\n\t\t\t\t\t<div class=\"elementor-column elementor-col-100 elementor-top-column elementor-element elementor-element-ce888d5\" data-id=\"ce888d5\" data-element_type=\"column\">\n\t\t\t<div class=\"elementor-widget-wrap elementor-element-populated\">\n\t\t\t\t\t\t\t\t<div class=\"elementor-element elementor-element-d1ec710 elementor-widget elementor-widget-whitehall_suggestions_and_complaints\" data-id=\"d1ec710\" data-element_type=\"widget\" data-widget_type=\"whitehall_suggestions_and_complaints.default\">\n\t\t\t\t<div class=\"elementor-widget-container\">\n\t\t\t        \n        <!-- contact-section -->\n        <section class=\"contact-section\">\n            <figure class=\"image-layer\"><img decoding=\"async\" src=\"https:\/\/fabrinorsa.com.ar\/wp-content\/uploads\/2022\/05\/fabrinor_grua_1.png\" alt=\"Awesome Image\"><\/figure>\n            <div class=\"dotted-pattern\" style=\"background-image: url(https:\/\/fabrinorsa.com.ar\/wp-content\/themes\/whitehall\/assets\/images\/shape\/shape-14.png);\"><\/div>\n            <div class=\"auto-container\">\n                <div class=\"sec-title centred\">\n\t\t\t\t\t\t\t\t\t\t<h6><i class=\"flaticon-star\"><\/i><span>CONTACTO<\/span><i class=\"flaticon-star\"><\/i><\/h6>\n\t\t\t\t\t\n\t\t\t\t\t\t\t\t\t\t<h2>Dejanos un Mensaje<\/h2>\n\t\t\t\t\t<div class=\"title-shape\"><\/div>\n\t\t\t\t\t                <\/div>\n                <div class=\"info-block\">\n                    <div class=\"row clearfix\">\n                        <div class=\"col-xl-6 col-lg-12 col-md-12 offset-xl-6\">\n                            <div class=\"row clearfix\">\n                                <div class=\"col-lg-6 col-md-6 col-sm-12 info-column\">\n                                    <div class=\"info-block-one\">\n                                        <div class=\"inner-box\">\n                                            <div class=\"content-box\">\n                                                <div class=\"icon-box\"><i class=\"icon flaticon-mail-inbox-app\"><\/i><\/div>\n                                                <h4>E-mail<\/h4>\n                                                <p>\u00bfTiene alguna pregunta o consulta? <\/p>\n                                            <\/div>\n                                            <div class=\"overlay-content\">\n                                                <h4>E-mail<\/h4>\n                                                <p>\u00bfTiene alguna pregunta o consulta? <\/p>\n                                                <a href=\"mailto:info@fabrinorsa.com.ar\">info@fabrinorsa.com.ar<\/a>\n                                            <\/div>\n                                        <\/div>\n                                    <\/div>\n                                <\/div>\n                                <div class=\"col-lg-6 col-md-6 col-sm-12 info-column\">\n                                    <div class=\"info-block-one\">\n                                        <div class=\"inner-box\">\n                                            <div class=\"content-box\">\n                                                <div class=\"icon-box\"><i class=\"fa fa-phone-volume\"><\/i><\/div>\n                                                <h4>Tel\u00e9fono<\/h4>\n                                                <p>Comunicate estamos para atenderte<\/p>\n                                            <\/div>\n                                            <div class=\"overlay-content\">\n                                                <h4>Tel\u00e9fono<\/h4>\n                                                <p>Comunicate estamos para atenderte<\/p>\n                                                <a href=\"tel:03471490123462620\">03471-490123-462620<\/a>\n                                            <\/div>\n                                        <\/div>\n                                    <\/div>\n                                <\/div>\n                                <div class=\"col-lg-6 col-md-6 col-sm-12 info-column\">\n                                    <div class=\"info-block-one\">\n                                        <div class=\"inner-box\">\n                                            <div class=\"content-box\">\n                                                <div class=\"icon-box\"><i class=\"icon flaticon-calendar-1\"><\/i><\/div>\n                                                <h4>Horario de Atenci\u00f3n<\/h4>\n                                                <p>Contactanos<\/p>\n                                            <\/div>\n                                            <div class=\"overlay-content\">\n                                                <h4>Horario de Atenci\u00f3n<\/h4>\n                                                <p>Contactanos<\/p>\n                                                <a href=\"tel:616001610\">Lun a Vie: 6 a 16 hs - Su00e1b 6 a 10 hs<\/a>\n                                            <\/div>\n                                        <\/div>\n                                    <\/div>\n                                <\/div>\n                                <div class=\"col-lg-6 col-md-6 col-sm-12 info-column\">\n                                    <div class=\"info-block-one\">\n                                        <div class=\"inner-box\">\n                                            <div class=\"content-box\">\n                                                <div class=\"icon-box\"><i class=\"icon flaticon-share\"><\/i><\/div>\n                                                <h4>Redes Sociales<\/h4>\n                                                <p>Seguinos <\/p>\n                                            <\/div>\n                                            <div class=\"overlay-content\">\n                                                <h4>Redes Sociales<\/h4>\n                                                <p>Seguinos <\/p>\n\t\t\t\t\t\t\t\t\t\t\t\t\n\t\t\t\t\t\t\t\t\t\t\t\t                                                <ul class=\"social-links clearfix\">\n\t\t\t\t\t\t\t\t\t\t\t\t\t\t\t\t\t\t\t\t\t\t\t\t\t\t<li><a href=\"https:\/\/www.facebook.com\/Fabrinor-SA-245375858873100\/\" target=\"_blank\"><i class=\"fab fa fa-facebook-f\"><\/i><\/a><\/li>\n\t\t\t\t\t\t\t\t\t\t\t\t\t\t\t\t\t\t\t\t\t\t\t\t\t\t<li><a href=\"https:\/\/www.instagram.com\/fabrinor_s.a\/\" target=\"_blank\"><i class=\"fab fa fa-instagram\"><\/i><\/a><\/li>\n\t\t\t\t\t\t\t\t\t\t\t\t\t\t\t\t\t\t\t\t\t\t\t\t\t\t<li><a href=\"https:\/\/www.youtube.com\/channel\/UCH4tBT5RSlM3B8xr54kb-oA\" target=\"_blank\"><i class=\"fab fa fa-youtube-square\"><\/i><\/a><\/li>\n\t\t\t\t\t\t\t\t\t\t\t\t\t                                                <\/ul>\n\t\t\t\t\t\t\t\t\t\t\t\t                                            <\/div>\n                                        <\/div>\n                                    <\/div>\n                                <\/div>\n                            <\/div>\n                        <\/div>\n                    <\/div>\n                <\/div>\n\t\t\t\t\n\t\t\t\t                <div class=\"form-block\">\n                    <div class=\"pattern-layer\" style=\"background-image: url();\"><\/div>\n                    <div class=\"contact-form\">\n\t\t\t\t\t\t<div role=\"form\" class=\"wpcf7\" id=\"wpcf7-f397-o1\" lang=\"en-US\" dir=\"ltr\">\n<div class=\"screen-reader-response\"><p role=\"status\" aria-live=\"polite\" aria-atomic=\"true\"><\/p> <ul><\/ul><\/div>\n<form action=\"\/index.php\/wp-json\/wp\/v2\/pages\/182#wpcf7-f397-o1\" method=\"post\" class=\"wpcf7-form init\" novalidate=\"novalidate\" data-status=\"init\">\n<div style=\"display: none;\">\n<input type=\"hidden\" name=\"_wpcf7\" value=\"397\" \/>\n<input type=\"hidden\" name=\"_wpcf7_version\" value=\"5.6.4\" \/>\n<input type=\"hidden\" name=\"_wpcf7_locale\" value=\"en_US\" \/>\n<input type=\"hidden\" name=\"_wpcf7_unit_tag\" value=\"wpcf7-f397-o1\" \/>\n<input type=\"hidden\" name=\"_wpcf7_container_post\" value=\"0\" \/>\n<input type=\"hidden\" name=\"_wpcf7_posted_data_hash\" value=\"\" \/>\n<input type=\"hidden\" name=\"_wpcf7_recaptcha_response\" value=\"\" \/>\n<\/div>\n<div class=\"row clearfix\">\n<div class=\"col-lg-4 col-md-6 col-sm-12 form-group\"><span class=\"wpcf7-form-control-wrap\" data-name=\"your-name\"><input type=\"text\" name=\"your-name\" value=\"\" size=\"40\" class=\"wpcf7-form-control wpcf7-text wpcf7-validates-as-required\" aria-required=\"true\" aria-invalid=\"false\" placeholder=\"Your Name*\" \/><\/span><\/div>\n<div class=\"col-lg-4 col-md-6 col-sm-12 form-group\"><span class=\"wpcf7-form-control-wrap\" data-name=\"your-email\"><input type=\"email\" name=\"your-email\" value=\"\" size=\"40\" class=\"wpcf7-form-control wpcf7-text wpcf7-email wpcf7-validates-as-required wpcf7-validates-as-email\" aria-required=\"true\" aria-invalid=\"false\" placeholder=\"Email Address*\" \/><\/span><\/div>\n<div class=\"col-lg-4 col-md-12 col-sm-12 form-group\"><span class=\"wpcf7-form-control-wrap\" data-name=\"menu-450\"><select name=\"menu-450\" class=\"wpcf7-form-control wpcf7-select\" aria-invalid=\"false\"><option value=\"\">---<\/option><option value=\"Policing &amp; Crime\">Policing &amp; Crime<\/option><option value=\"Housing &amp; Land\">Housing &amp; Land<\/option><option value=\"Health &amp; Medical\">Health &amp; Medical<\/option><option value=\"Tourism &amp; Travel\">Tourism &amp; Travel<\/option><\/select><\/span><\/div>\n<div class=\"col-lg-12 col-md-12 col-sm-12 form-group\">\n<span class=\"wpcf7-form-control-wrap\" data-name=\"your-message\"><textarea name=\"your-message\" cols=\"40\" rows=\"10\" class=\"wpcf7-form-control wpcf7-textarea\" aria-invalid=\"false\" placeholder=\"Write your complaints or Suggestions ...\"><\/textarea><\/span><br \/>\n<input type=\"submit\" value=\"Send\" class=\"wpcf7-form-control has-spinner wpcf7-submit message-btn\" \/>\n<\/div>\n<\/div>\n<div class=\"wpcf7-response-output\" aria-hidden=\"true\"><\/div><\/form><\/div>                    <\/div>\n                <\/div>\n\t\t\t\t            <\/div>\n        <\/section>\n        <!-- contact-section end -->\n\n        \t\t<\/div>\n\t\t\t\t<\/div>\n\t\t\t\t\t<\/div>\n\t\t<\/div>\n\t\t\t\t\t\t\t<\/div>\n\t\t<\/section>\n\t\t\t\t\t\t\t<\/div>\n\t\t","protected":false},"excerpt":{"rendered":"<p>CALIDAD Y EXPERIENCIA 35 A\u00f1os al Servicio del Campo Argentino Nos esforzamos permanentemente para alcanzar los m\u00e1s altos est\u00e1ndares de calidad en la fabricaci\u00f3n de nuestros productos Plegados Cortes desde [&hellip;]<\/p>\n","protected":false},"author":1,"featured_media":0,"parent":0,"menu_order":0,"comment_status":"closed","ping_status":"closed","template":"tpl-default-elementor.php","meta":{"om_disable_all_campaigns":false,"_monsterinsights_skip_tracking":false,"_monsterinsights_sitenote_active":false,"_monsterinsights_sitenote_note":"","_monsterinsights_sitenote_category":0},"aioseo_notices":[],"_links":{"self":[{"href":"https:\/\/fabrinorsa.com.ar\/index.php\/wp-json\/wp\/v2\/pages\/182"}],"collection":[{"href":"https:\/\/fabrinorsa.com.ar\/index.php\/wp-json\/wp\/v2\/pages"}],"about":[{"href":"https:\/\/fabrinorsa.com.ar\/index.php\/wp-json\/wp\/v2\/types\/page"}],"author":[{"embeddable":true,"href":"https:\/\/fabrinorsa.com.ar\/index.php\/wp-json\/wp\/v2\/users\/1"}],"replies":[{"embeddable":true,"href":"https:\/\/fabrinorsa.com.ar\/index.php\/wp-json\/wp\/v2\/comments?post=182"}],"version-history":[{"count":40,"href":"https:\/\/fabrinorsa.com.ar\/index.php\/wp-json\/wp\/v2\/pages\/182\/revisions"}],"predecessor-version":[{"id":1895,"href":"https:\/\/fabrinorsa.com.ar\/index.php\/wp-json\/wp\/v2\/pages\/182\/revisions\/1895"}],"wp:attachment":[{"href":"https:\/\/fabrinorsa.com.ar\/index.php\/wp-json\/wp\/v2\/media?parent=182"}],"curies":[{"name":"wp","href":"https:\/\/api.w.org\/{rel}","templated":true}]}}